{"id":5044,"date":"2023-03-01T08:44:59","date_gmt":"2023-03-01T08:44:59","guid":{"rendered":"http:\/\/wpdemo.archiwp.com\/onum\/?page_id=1385"},"modified":"2025-02-05T11:46:33","modified_gmt":"2025-02-05T11:46:33","slug":"home-tr-3","status":"publish","type":"page","link":"https:\/\/tradeport.com.tr\/?page_id=5044","title":{"rendered":"Ana Sayfa-TR"},"content":{"rendered":"\t\t<div data-elementor-type=\"wp-page\" data-elementor-id=\"5044\" class=\"elementor elementor-5044\">\n\t\t\t\t\t\t\t\t\t<section data-color=\"#fe4c1c,#00c3ff,#0160e7\" class=\"elementor-section elementor-top-section elementor-element elementor-element-3186ade particles-js elementor-section-boxed elementor-section-height-default elementor-section-height-default\" data-id=\"3186ade\" data-element_type=\"section\">\n\t\t\t\t\t\t<div class=\"elementor-container elementor-column-gap-default\">\n\t\t\t\t\t<div class=\"elementor-column elementor-col-100 elementor-top-column elementor-element elementor-element-69a3ed4 ot-flex-column-vertical\" data-id=\"69a3ed4\" data-element_type=\"column\">\n\t\t\t<div class=\"elementor-widget-wrap elementor-element-populated\">\n\t\t\t\t\t\t\t\t<div class=\"elementor-element elementor-element-23c0d1d elementor-widget elementor-widget-slider_revolution\" data-id=\"23c0d1d\" data-element_type=\"widget\" data-widget_type=\"slider_revolution.default\">\n\t\t\t\t<div class=\"elementor-widget-container\">\n\t\t\t\n\t\t<div class=\"wp-block-themepunch-revslider\">\n\t\t\t<!-- START Home 2 TR REVOLUTION SLIDER 6.6.11 --><p class=\"rs-p-wp-fix\"><\/p>\n\t\t\t<rs-module-wrap id=\"rev_slider_7_1_wrapper\" data-source=\"gallery\" style=\"visibility:hidden;background:transparent;padding:0;margin:0px auto;margin-top:0;margin-bottom:0;\">\n\t\t\t\t<rs-module id=\"rev_slider_7_1\" style=\"\" data-version=\"6.6.11\">\n\t\t\t\t\t<rs-slides style=\"overflow: hidden; position: absolute;\">\n\t\t\t\t\t\t<rs-slide style=\"position: absolute;\" data-key=\"rs-7\" data-title=\"Slide\" data-duration=\"7400ms\" data-in=\"o:0;\" data-out=\"a:false;\">\n\t\t\t\t\t\t\t<img decoding=\"async\" src=\"\/\/tradeport.com.tr\/wp-content\/plugins\/revslider\/public\/assets\/assets\/dummy.png\" alt=\"Slide\" title=\"Ana Sayfa-TR\" class=\"rev-slidebg tp-rs-img rs-lazyload\" data-lazyload=\"\/\/tradeport.com.tr\/wp-content\/plugins\/revslider\/public\/assets\/assets\/transparent.png\" data-no-retina>\n<!--\n\t\t\t\t\t\t\t--><rs-layer\n\t\t\t\t\t\t\t\tid=\"slider-7-slide-7-layer-0\" \n\t\t\t\t\t\t\t\tdata-type=\"image\"\n\t\t\t\t\t\t\t\tdata-rsp_ch=\"on\"\n\t\t\t\t\t\t\t\tdata-xy=\"yo:90px,90px,57px,35px;\"\n\t\t\t\t\t\t\t\tdata-text=\"w:normal;s:20,20,12,7;l:0,0,15,9;\"\n\t\t\t\t\t\t\t\tdata-dim=\"w:203px,203px,131px,80px;h:402px,402px,260px,160px;\"\n\t\t\t\t\t\t\t\tdata-vbility=\"t,f,f,f\"\n\t\t\t\t\t\t\t\tdata-basealign=\"slide\"\n\t\t\t\t\t\t\t\tdata-frame_0=\"x:-50,-50,-31,-19;\"\n\t\t\t\t\t\t\t\tdata-frame_1=\"sp:1000;\"\n\t\t\t\t\t\t\t\tdata-frame_999=\"x:-50,-50,-31,-19;o:0;st:w;sp:1000;sR:8000;\"\n\t\t\t\t\t\t\t\tstyle=\"z-index:6;\"\n\t\t\t\t\t\t\t><img decoding=\"async\" src=\"\/\/tradeport.com.tr\/wp-content\/plugins\/revslider\/public\/assets\/assets\/dummy.png\" alt=\"\" class=\"tp-rs-img rs-lazyload\" width=\"203\" height=\"402\" data-lazyload=\"\/\/tradeport.com.tr\/wp-content\/uploads\/revslider\/home-2\/shape-process2-1.png\" data-no-retina> \n\t\t\t\t\t\t\t<\/rs-layer><!--\n\n\t\t\t\t\t\t\t--><rs-layer\n\t\t\t\t\t\t\t\tid=\"slider-7-slide-7-layer-2\" \n\t\t\t\t\t\t\t\tdata-type=\"image\"\n\t\t\t\t\t\t\t\tdata-xy=\"xo:229px,229px,91px,4px;yo:84px,84px,24px,99px;\"\n\t\t\t\t\t\t\t\tdata-text=\"w:normal;s:20,20,12,7;l:0,0,15,9;\"\n\t\t\t\t\t\t\t\tdata-dim=\"w:196px,196px,161px,375px;h:196px,196px,161px,331px;\"\n\t\t\t\t\t\t\t\tdata-vbility=\"f,f,t,t\"\n\t\t\t\t\t\t\t\tdata-rsp_bd=\"off\"\n\t\t\t\t\t\t\t\tdata-frame_0=\"y:50,50,31,19;\"\n\t\t\t\t\t\t\t\tdata-frame_1=\"st:1000;sp:1000;sR:1000;\"\n\t\t\t\t\t\t\t\tdata-frame_999=\"o:0;e:power4.inOut;st:w;sp:1000;sR:7000;\"\n\t\t\t\t\t\t\t\tstyle=\"z-index:9;\"\n\t\t\t\t\t\t\t><img decoding=\"async\" src=\"\/\/tradeport.com.tr\/wp-content\/plugins\/revslider\/public\/assets\/assets\/dummy.png\" alt=\"\" class=\"tp-rs-img rs-lazyload\" width=\"707\" height=\"624\" data-lazyload=\"\/\/tradeport.com.tr\/wp-content\/uploads\/revslider\/home-2\/image5-Go-1.png\" data-no-retina> \n\t\t\t\t\t\t\t<\/rs-layer><!--\n\n\t\t\t\t\t\t\t--><rs-layer\n\t\t\t\t\t\t\t\tid=\"slider-7-slide-7-layer-3\" \n\t\t\t\t\t\t\t\tdata-type=\"image\"\n\t\t\t\t\t\t\t\tdata-xy=\"x:r;xo:0,0,91px,6px;yo:-47px,-47px,24px,8px;\"\n\t\t\t\t\t\t\t\tdata-text=\"w:normal;s:20,20,12,7;l:0,0,15,9;\"\n\t\t\t\t\t\t\t\tdata-dim=\"w:861px,861px,161px,99px;h:1000px,1000px,161px,99px;\"\n\t\t\t\t\t\t\t\tdata-basealign=\"slide\"\n\t\t\t\t\t\t\t\tdata-rsp_bd=\"off\"\n\t\t\t\t\t\t\t\tdata-frame_0=\"y:50,50,31,19;\"\n\t\t\t\t\t\t\t\tdata-frame_1=\"st:1000;sp:1000;sR:1000;\"\n\t\t\t\t\t\t\t\tdata-frame_999=\"o:0;e:power4.inOut;st:w;sp:1000;sR:7000;\"\n\t\t\t\t\t\t\t\tstyle=\"z-index:8;\"\n\t\t\t\t\t\t\t><img decoding=\"async\" src=\"\/\/tradeport.com.tr\/wp-content\/plugins\/revslider\/public\/assets\/assets\/dummy.png\" alt=\"\" class=\"tp-rs-img rs-lazyload\" width=\"861\" height=\"1000\" data-lazyload=\"\/\/tradeport.com.tr\/wp-content\/uploads\/2023\/03\/04-slide-tradeport.png\" data-no-retina> \n\t\t\t\t\t\t\t<\/rs-layer><!--\n\n\t\t\t\t\t\t\t--><rs-layer\n\t\t\t\t\t\t\t\tid=\"slider-7-slide-7-layer-5\" \n\t\t\t\t\t\t\t\tdata-type=\"image\"\n\t\t\t\t\t\t\t\tdata-xy=\"xo:24px,24px,91px,6px;yo:147px,147px,24px,8px;\"\n\t\t\t\t\t\t\t\tdata-text=\"w:normal;s:20,20,12,7;l:0,0,15,9;\"\n\t\t\t\t\t\t\t\tdata-dim=\"w:196px,196px,161px,99px;h:196px,196px,161px,99px;\"\n\t\t\t\t\t\t\t\tdata-rsp_bd=\"off\"\n\t\t\t\t\t\t\t\tdata-frame_0=\"y:50,50,31,19;\"\n\t\t\t\t\t\t\t\tdata-frame_1=\"st:1000;sp:1000;sR:1000;\"\n\t\t\t\t\t\t\t\tdata-frame_999=\"o:0;e:power4.inOut;st:w;sp:1000;sR:7000;\"\n\t\t\t\t\t\t\t\tstyle=\"z-index:8;\"\n\t\t\t\t\t\t\t><img decoding=\"async\" src=\"\/\/tradeport.com.tr\/wp-content\/plugins\/revslider\/public\/assets\/assets\/dummy.png\" alt=\"\" class=\"tp-rs-img rs-lazyload\" width=\"500\" height=\"500\" data-lazyload=\"\/\/tradeport.com.tr\/wp-content\/uploads\/revslider\/home-2\/Beyaz-Zemine.png\" data-no-retina> \n\t\t\t\t\t\t\t<\/rs-layer><!--\n\n\t\t\t\t\t\t\t--><rs-layer\n\t\t\t\t\t\t\t\tid=\"slider-7-slide-7-layer-7\" \n\t\t\t\t\t\t\t\tdata-type=\"text\"\n\t\t\t\t\t\t\t\tdata-color=\"#1a1b1e\"\n\t\t\t\t\t\t\t\tdata-rsp_ch=\"on\"\n\t\t\t\t\t\t\t\tdata-xy=\"xo:11px,11px,15px,123px;yo:354px,354px,190px,34px;\"\n\t\t\t\t\t\t\t\tdata-text=\"w:normal;s:56,56,35,21;l:72,72,46,28;fw:900;\"\n\t\t\t\t\t\t\t\tdata-frame_0=\"y:50,50,31,19;\"\n\t\t\t\t\t\t\t\tdata-frame_1=\"st:1500;sp:1000;sR:1500;\"\n\t\t\t\t\t\t\t\tdata-frame_999=\"o:0;e:power4.inOut;st:w;sp:1000;sR:6500;\"\n\t\t\t\t\t\t\t\tstyle=\"z-index:10;font-family:'Red Hat Display';\"\n\t\t\t\t\t\t\t>Ticari \u0130htiya\u00e7lar\u0131n\u0131z \u0130\u00e7in <br \/>\n\u00c7\u00f6z\u00fcm Sunuyoruz. \n\t\t\t\t\t\t\t<\/rs-layer><!--\n\n\t\t\t\t\t\t\t--><rs-layer\n\t\t\t\t\t\t\t\tid=\"slider-7-slide-7-layer-10\" \n\t\t\t\t\t\t\t\tdata-type=\"text\"\n\t\t\t\t\t\t\t\tdata-rsp_ch=\"on\"\n\t\t\t\t\t\t\t\tdata-xy=\"xo:15px,15px,15px,8px;yo:570px,570px,369px,405px;\"\n\t\t\t\t\t\t\t\tdata-text=\"w:normal;s:20,20,12,17;l:25,25,15,22;a:center;\"\n\t\t\t\t\t\t\t\tdata-frame_0=\"x:0,0,0,0px;y:50,50,31,46px;\"\n\t\t\t\t\t\t\t\tdata-frame_1=\"x:0,0,0,0px;y:0,0,0,0px;st:2100;sp:1000;sR:2100;\"\n\t\t\t\t\t\t\t\tdata-frame_999=\"o:0;e:power4.inOut;st:w;sp:1000;sR:5900;\"\n\t\t\t\t\t\t\t\tstyle=\"z-index:11;font-family:'Roboto';\"\n\t\t\t\t\t\t\t><a https:\/\/tradeport.com.tr\/?page_id=5042\" class=\"octf-btn octf-btn-icon octf-btn-primary\">Ba\u015flayal\u0131m <i class=\"flaticon-right-arrow-1\"><\/i><\/a> \n\t\t\t\t\t\t\t<\/rs-layer><!--\n-->\t\t\t\t\t\t<\/rs-slide>\n\t\t\t\t\t<\/rs-slides>\n\t\t\t\t\t<rs-static-layers><!--\n\t\t\t\t\t--><\/rs-static-layers>\n\t\t\t\t<\/rs-module>\n\t\t\t\t<script>\n\t\t\t\t\tsetREVStartSize({c: 'rev_slider_7_1',rl:[1240,1240,778,480],el:[930,930,560,450],gw:[1200,1200,778,480],gh:[930,930,560,450],type:'standard',justify:'',layout:'fullwidth',mh:\"0\"});if (window.RS_MODULES!==undefined && window.RS_MODULES.modules!==undefined && window.RS_MODULES.modules[\"revslider71\"]!==undefined) {window.RS_MODULES.modules[\"revslider71\"].once = false;window.revapi7 = undefined;if (window.RS_MODULES.checkMinimal!==undefined) window.RS_MODULES.checkMinimal()}\n\t\t\t\t<\/script>\n\t\t\t<\/rs-module-wrap>\n\t\t\t<!-- END REVOLUTION SLIDER -->\n<\/div>\n\n\t\t\t\t<\/div>\n\t\t\t\t<\/div>\n\t\t\t\t\t<\/div>\n\t\t<\/div>\n\t\t\t\t\t\t\t<\/div>\n\t\t<\/section>\n\t\t\t\t<section class=\"elementor-section elementor-top-section elementor-element elementor-element-0158667 elementor-section-boxed elementor-section-height-default elementor-section-height-default\" data-id=\"0158667\" data-element_type=\"section\" data-settings=\"{&quot;background_background&quot;:&quot;classic&quot;,&quot;shape_divider_top&quot;:&quot;waves&quot;}\">\n\t\t\t\t\t\t\t<div class=\"elementor-background-overlay\"><\/div>\n\t\t\t\t\t\t<div class=\"elementor-shape elementor-shape-top\" data-negative=\"false\">\n\t\t\t<svg xmlns=\"http:\/\/www.w3.org\/2000\/svg\" viewBox=\"0 0 1000 100\" preserveAspectRatio=\"none\">\n\t<path class=\"elementor-shape-fill\" d=\"M421.9,6.5c22.6-2.5,51.5,0.4,75.5,5.3c23.6,4.9,70.9,23.5,100.5,35.7c75.8,32.2,133.7,44.5,192.6,49.7\n\tc23.6,2.1,48.7,3.5,103.4-2.5c54.7-6,106.2-25.6,106.2-25.6V0H0v30.3c0,0,72,32.6,158.4,30.5c39.2-0.7,92.8-6.7,134-22.4\n\tc21.2-8.1,52.2-18.2,79.7-24.2C399.3,7.9,411.6,7.5,421.9,6.5z\"\/>\n<\/svg>\t\t<\/div>\n\t\t\t\t\t<div class=\"elementor-container elementor-column-gap-default\">\n\t\t\t\t\t<div class=\"elementor-column elementor-col-100 elementor-top-column elementor-element elementor-element-555eaa5 ot-flex-column-vertical\" data-id=\"555eaa5\" data-element_type=\"column\">\n\t\t\t<div class=\"elementor-widget-wrap elementor-element-populated\">\n\t\t\t\t\t\t\t\t<section class=\"elementor-section elementor-inner-section elementor-element elementor-element-0c5a1d0 elementor-section-full_width elementor-section-content-middle elementor-section-height-default elementor-section-height-default\" data-id=\"0c5a1d0\" data-element_type=\"section\">\n\t\t\t\t\t\t<div class=\"elementor-container elementor-column-gap-extended\">\n\t\t\t\t\t<div class=\"elementor-column elementor-col-50 elementor-inner-column elementor-element elementor-element-014d537 ot-flex-column-vertical\" data-id=\"014d537\" data-element_type=\"column\">\n\t\t\t<div class=\"elementor-widget-wrap elementor-element-populated\">\n\t\t\t\t\t\t\t\t<div class=\"elementor-element elementor-element-317959e elementor-widget elementor-widget-image\" data-id=\"317959e\" data-element_type=\"widget\" data-widget_type=\"image.default\">\n\t\t\t\t<div class=\"elementor-widget-container\">\n\t\t\t<style>\/*! elementor - v3.11.5 - 14-03-2023 *\/\n.elementor-widget-image{text-align:center}.elementor-widget-image a{display:inline-block}.elementor-widget-image a img[src$=\".svg\"]{width:48px}.elementor-widget-image img{vertical-align:middle;display:inline-block}<\/style>\t\t\t\t\t\t\t\t\t\t\t\t<img decoding=\"async\" width=\"629\" height=\"628\" src=\"https:\/\/tradeport.com.tr\/wp-content\/uploads\/2023\/03\/anasayfa-hakkimizda-2-1.png\" class=\"attachment-full size-full wp-image-4888\" alt=\"\" loading=\"lazy\" srcset=\"https:\/\/tradeport.com.tr\/wp-content\/uploads\/2023\/03\/anasayfa-hakkimizda-2-1.png 629w, https:\/\/tradeport.com.tr\/wp-content\/uploads\/2023\/03\/anasayfa-hakkimizda-2-1-300x300.png 300w, https:\/\/tradeport.com.tr\/wp-content\/uploads\/2023\/03\/anasayfa-hakkimizda-2-1-150x150.png 150w\" sizes=\"(max-width: 629px) 100vw, 629px\" \/>\t\t\t\t\t\t\t\t\t\t\t\t\t\t\t<\/div>\n\t\t\t\t<\/div>\n\t\t\t\t\t<\/div>\n\t\t<\/div>\n\t\t\t\t<div class=\"elementor-column elementor-col-50 elementor-inner-column elementor-element elementor-element-c3ccbb9 ot-flex-column-vertical\" data-id=\"c3ccbb9\" data-element_type=\"column\">\n\t\t\t<div class=\"elementor-widget-wrap elementor-element-populated\">\n\t\t\t\t\t\t\t\t<div class=\"elementor-element elementor-element-ba2fefe elementor-widget elementor-widget-iheading\" data-id=\"ba2fefe\" data-element_type=\"widget\" data-widget_type=\"iheading.default\">\n\t\t\t\t<div class=\"elementor-widget-container\">\n\t\t\t\t\t<div class=\"ot-heading left-align\">\r\n\t\t\t\r\n\t\t\t\t\r\n\r\n\t        \t            <h6 class=\"sub-heading\"><span>Hakk\u0131m\u0131zda<\/span><\/h6>\r\n\t         \r\n\r\n\t        \t        \t<h2 class=\"main-heading\">TRADEPORT DI\u015e T\u0130CARET<\/h2>\r\n\t        \t    <\/div>\r\n\t    \t\t<\/div>\n\t\t\t\t<\/div>\n\t\t\t\t<div class=\"elementor-element elementor-element-1789bdb elementor-widget elementor-widget-text-editor\" data-id=\"1789bdb\" data-element_type=\"widget\" data-widget_type=\"text-editor.default\">\n\t\t\t\t<div class=\"elementor-widget-container\">\n\t\t\t<style>\/*! elementor - v3.11.5 - 14-03-2023 *\/\n.elementor-widget-text-editor.elementor-drop-cap-view-stacked .elementor-drop-cap{background-color:#818a91;color:#fff}.elementor-widget-text-editor.elementor-drop-cap-view-framed .elementor-drop-cap{color:#818a91;border:3px solid;background-color:transparent}.elementor-widget-text-editor:not(.elementor-drop-cap-view-default) .elementor-drop-cap{margin-top:8px}.elementor-widget-text-editor:not(.elementor-drop-cap-view-default) .elementor-drop-cap-letter{width:1em;height:1em}.elementor-widget-text-editor .elementor-drop-cap{float:left;text-align:center;line-height:1;font-size:50px}.elementor-widget-text-editor .elementor-drop-cap-letter{display:inline-block}<\/style>\t\t\t\t<p>Tradeport D\u0131\u015f Ticaret Dan\u0131\u015fmanl\u0131k Ltd. \u015eti, her t\u00fcrl\u00fc sekt\u00f6r i\u00e7in y\u00fcksek kaliteli \u00fcr\u00fcnlerin tedarik\u00e7isi ve toptanc\u0131s\u0131d\u0131r. \u00dcr\u00fcn\u00fcn\u00fcz\u00fc analiz ediyor ve size en uygun \u00fcreticiyi buluyoruz.<\/p>\t\t\t\t\t\t<\/div>\n\t\t\t\t<\/div>\n\t\t\t\t<div class=\"elementor-element elementor-element-ba4df39 elementor-widget elementor-widget-ibutton\" data-id=\"ba4df39\" data-element_type=\"widget\" data-widget_type=\"ibutton.default\">\n\t\t\t\t<div class=\"elementor-widget-container\">\n\t\t\t\t\t<div class=\"ot-button\">\r\n\t\t\t<a href=\"https:\/\/tradeport.com.tr\/?page_id=5042\" class=\"octf-btn octf-btn-secondary octf-btn-icon\"><span>Hakk\u0131m\u0131zda <i class=\"flaticon-right-arrow-1\"><\/i><\/span> \r\n\t\t\t\t\t\t\t<\/a>\r\n\t    <\/div>\r\n\t    \t\t<\/div>\n\t\t\t\t<\/div>\n\t\t\t\t\t<\/div>\n\t\t<\/div>\n\t\t\t\t\t\t\t<\/div>\n\t\t<\/section>\n\t\t\t\t\t<\/div>\n\t\t<\/div>\n\t\t\t\t\t\t\t<\/div>\n\t\t<\/section>\n\t\t\t\t<section data-color=\"#fe4c1c,#00c3ff,#0160e7\" class=\"elementor-section elementor-top-section elementor-element elementor-element-752dd32 particles-js elementor-section-boxed elementor-section-height-default elementor-section-height-default\" data-id=\"752dd32\" data-element_type=\"section\" data-settings=\"{&quot;background_background&quot;:&quot;gradient&quot;,&quot;shape_divider_top&quot;:&quot;triangle&quot;,&quot;shape_divider_top_negative&quot;:&quot;yes&quot;}\">\n\t\t\t\t\t\t\t<div class=\"elementor-background-overlay\"><\/div>\n\t\t\t\t\t\t<div class=\"elementor-shape elementor-shape-top\" data-negative=\"true\">\n\t\t\t<svg xmlns=\"http:\/\/www.w3.org\/2000\/svg\" viewBox=\"0 0 1000 100\" preserveAspectRatio=\"none\">\n\t<path class=\"elementor-shape-fill\" d=\"M500.2,94.7L0,0v100h1000V0L500.2,94.7z\"\/>\n<\/svg>\t\t<\/div>\n\t\t\t\t\t<div class=\"elementor-container elementor-column-gap-extended\">\n\t\t\t\t\t<div class=\"elementor-column elementor-col-100 elementor-top-column elementor-element elementor-element-d457f71 ot-flex-column-vertical\" data-id=\"d457f71\" data-element_type=\"column\">\n\t\t\t<div class=\"elementor-widget-wrap elementor-element-populated\">\n\t\t\t\t\t\t\t\t<div class=\"elementor-element elementor-element-021381a elementor-widget elementor-widget-iheading\" data-id=\"021381a\" data-element_type=\"widget\" data-widget_type=\"iheading.default\">\n\t\t\t\t<div class=\"elementor-widget-container\">\n\t\t\t\t\t<div class=\"ot-heading center-align\">\r\n\t\t\t\r\n\t\t\t\t\r\n\r\n\t        \t            <h6 class=\"sub-heading\"><span>Genel Ticaret<\/span><\/h6>\r\n\t         \r\n\r\n\t        \t        \t<h2 class=\"main-heading\">Ticari \u0130htiya\u00e7lar\u0131n\u0131z \u0130\u00e7in <br>\u00c7\u00f6z\u00fcm Sunuyoruz.<\/h2>\r\n\t        \t    <\/div>\r\n\t    \t\t<\/div>\n\t\t\t\t<\/div>\n\t\t\t\t<section class=\"elementor-section elementor-inner-section elementor-element elementor-element-74e6a83 elementor-section-full_width elementor-section-height-default elementor-section-height-default\" data-id=\"74e6a83\" data-element_type=\"section\">\n\t\t\t\t\t\t<div class=\"elementor-container elementor-column-gap-extended\">\n\t\t\t\t\t<div class=\"elementor-column elementor-col-33 elementor-inner-column elementor-element elementor-element-2853508 ot-flex-column-vertical\" data-id=\"2853508\" data-element_type=\"column\">\n\t\t\t<div class=\"elementor-widget-wrap elementor-element-populated\">\n\t\t\t\t\t\t\t\t<div class=\"elementor-element elementor-element-1c24eca elementor-widget elementor-widget-iheading\" data-id=\"1c24eca\" data-element_type=\"widget\" data-widget_type=\"iheading.default\">\n\t\t\t\t<div class=\"elementor-widget-container\">\n\t\t\t\t\t<div class=\"ot-heading left-align\">\r\n\t\t\t\r\n\t\t\t\t\r\n\r\n\t        \t            <h6 class=\"sub-heading\"><span>\u00dcr\u00fcn Gruplar\u0131<\/span><\/h6>\r\n\t         \r\n\r\n\t        \t    <\/div>\r\n\t    \t\t<\/div>\n\t\t\t\t<\/div>\n\t\t\t\t<div class=\"elementor-element elementor-element-a8f2f60 elementor-widget elementor-widget-text-editor\" data-id=\"a8f2f60\" data-element_type=\"widget\" data-widget_type=\"text-editor.default\">\n\t\t\t\t<div class=\"elementor-widget-container\">\n\t\t\t\t\t\t\t<p class=\"main-heading\">Tradeport D\u0131\u015f Ticaret Dan\u0131\u015fmanl\u0131k Ltd. \u015eti, her t\u00fcrl\u00fc sekt\u00f6r i\u00e7in y\u00fcksek kaliteli \u00fcr\u00fcnlerin tedarik\u00e7isi ve toptanc\u0131s\u0131d\u0131r. \u00dcr\u00fcn\u00fcn\u00fcz\u00fc analiz ediyor ve size en uygun \u00fcreticiyi buluyoruz.<\/p>\t\t\t\t\t\t<\/div>\n\t\t\t\t<\/div>\n\t\t\t\t<div class=\"elementor-element elementor-element-dd17fcd elementor-widget elementor-widget-ibutton\" data-id=\"dd17fcd\" data-element_type=\"widget\" data-widget_type=\"ibutton.default\">\n\t\t\t\t<div class=\"elementor-widget-container\">\n\t\t\t\t\t<div class=\"ot-button\">\r\n\t\t\t<a href=\"https:\/\/tradeport.com.tr\/?page_id=5045\" class=\"octf-btn octf-btn-secondary octf-btn-icon\"><span>\u0130NCELE <i class=\"flaticon-right-arrow-1\"><\/i><\/span> \r\n\t\t\t\t\t\t\t<\/a>\r\n\t    <\/div>\r\n\t    \t\t<\/div>\n\t\t\t\t<\/div>\n\t\t\t\t\t<\/div>\n\t\t<\/div>\n\t\t\t\t<div class=\"elementor-column elementor-col-33 elementor-inner-column elementor-element elementor-element-b57797c ot-flex-column-vertical\" data-id=\"b57797c\" data-element_type=\"column\">\n\t\t\t<div class=\"elementor-widget-wrap elementor-element-populated\">\n\t\t\t\t\t\t\t\t<div class=\"elementor-element elementor-element-b9d6540 elementor-widget elementor-widget-iiconbox\" data-id=\"b9d6540\" data-element_type=\"widget\" data-widget_type=\"iiconbox.default\">\n\t\t\t\t<div class=\"elementor-widget-container\">\n\t\t\t\t\t<div class=\"icon-box s1\">\r\n\t\t\t<div class=\"bg-s3\"><\/div>\r\n\t\t\t<div class=\"bg-before\"><\/div>\r\n\t\t\t<div class=\"bg-after\"><\/div>\r\n\t\t\t<div class=\"icon-main\">\r\n\t\t        \t\t        \t<i aria-hidden=\"true\" class=\"fas fa-box-open\"><\/i>\t\t        \t\t\t    \r\n\t\t\t    \t\t        \t        <\/div>\r\n\t        <div class=\"content-box\">\r\n\t            <h5 class=\"box-title\">Ambalaj \u00dcr\u00fcnleri<\/h5>\r\n\t            <p>\u2022\t\u00c7ember\n\u2022\tToka\n\u2022\tEkipman\n\u2022\tK\u00f6\u015fe Koruyucu\n\u2022\tStre\u00e7\n\u2022\tBant<\/p>\r\n\t        <\/div>\r\n\t        \t\r\n\t    <\/div>\r\n\t    \t\t<\/div>\n\t\t\t\t<\/div>\n\t\t\t\t<div class=\"elementor-element elementor-element-1402542 elementor-widget elementor-widget-iiconbox\" data-id=\"1402542\" data-element_type=\"widget\" data-widget_type=\"iiconbox.default\">\n\t\t\t\t<div class=\"elementor-widget-container\">\n\t\t\t\t\t<div class=\"icon-box s1\">\r\n\t\t\t<div class=\"bg-s3\"><\/div>\r\n\t\t\t<div class=\"bg-before\"><\/div>\r\n\t\t\t<div class=\"bg-after\"><\/div>\r\n\t\t\t<div class=\"icon-main\">\r\n\t\t        \t\t        \t<i aria-hidden=\"true\" class=\"fas fa-shopping-bag\"><\/i>\t\t        \t\t\t    \r\n\t\t\t    \t\t        \t        <\/div>\r\n\t        <div class=\"content-box\">\r\n\t            <h5 class=\"box-title\">Non-Woven Al\u0131\u015fveri\u015f \u00c7antas\u0131<\/h5>\r\n\t            <p>\u2022\tNon-Woven Bez \u00c7anta\n\u2022\tNon-Woven Laminasyonlu \u00c7anta\n\u2022\tNon-woven Atlet \u00c7anta\n\u2022\tNon-woven Elden Ge\u00e7me \u00c7anta\n<\/p>\r\n\t        <\/div>\r\n\t        \t\r\n\t    <\/div>\r\n\t    \t\t<\/div>\n\t\t\t\t<\/div>\n\t\t\t\t<div class=\"elementor-element elementor-element-b52ac1e elementor-widget elementor-widget-iiconbox\" data-id=\"b52ac1e\" data-element_type=\"widget\" data-widget_type=\"iiconbox.default\">\n\t\t\t\t<div class=\"elementor-widget-container\">\n\t\t\t\t\t<div class=\"icon-box s1\">\r\n\t\t\t<div class=\"bg-s3\"><\/div>\r\n\t\t\t<div class=\"bg-before\"><\/div>\r\n\t\t\t<div class=\"bg-after\"><\/div>\r\n\t\t\t<div class=\"icon-main\">\r\n\t\t        \t\t        \t<i aria-hidden=\"true\" class=\"fas fa-shopping-bag\"><\/i>\t\t        \t\t\t    \r\n\t\t\t    \t\t        \t        <\/div>\r\n\t        <div class=\"content-box\">\r\n\t            <h5 class=\"box-title\">Do\u011fal Damla Sak\u0131z\u0131 ve \u00dcr\u00fcnleri<\/h5>\r\n\t            <p>\u2022\tDo\u011fal Damla Sak\u0131zlar\u0131\n\u2022\tDo\u011fal Damla Sak\u0131zl\u0131 Lokumlar\n\u2022\tMastiha Damla Sak\u0131zl\u0131 Macun\n\u2022\tMastiha Cikletler\n\u2022\tKahveler\n\u2022\t\u00c7ikolatalar<\/p>\r\n\t        <\/div>\r\n\t        \t\r\n\t    <\/div>\r\n\t    \t\t<\/div>\n\t\t\t\t<\/div>\n\t\t\t\t\t<\/div>\n\t\t<\/div>\n\t\t\t\t<div class=\"elementor-column elementor-col-33 elementor-inner-column elementor-element elementor-element-ab4e97e ot-flex-column-vertical\" data-id=\"ab4e97e\" data-element_type=\"column\">\n\t\t\t<div class=\"elementor-widget-wrap elementor-element-populated\">\n\t\t\t\t\t\t\t\t<div class=\"elementor-element elementor-element-d078e4b elementor-widget elementor-widget-iiconbox\" data-id=\"d078e4b\" data-element_type=\"widget\" data-widget_type=\"iiconbox.default\">\n\t\t\t\t<div class=\"elementor-widget-container\">\n\t\t\t\t\t<div class=\"icon-box s1\">\r\n\t\t\t<div class=\"bg-s3\"><\/div>\r\n\t\t\t<div class=\"bg-before\"><\/div>\r\n\t\t\t<div class=\"bg-after\"><\/div>\r\n\t\t\t<div class=\"icon-main\">\r\n\t\t        \t\t        \t<i aria-hidden=\"true\" class=\"fas fa-couch\"><\/i>\t\t        \t\t\t    \r\n\t\t\t    \t\t        \t        <\/div>\r\n\t        <div class=\"content-box\">\r\n\t            <h5 class=\"box-title\">Mobilya<\/h5>\r\n\t            <p>\u2022\t\u00c7al\u0131\u015fma Masas\u0131\n\u2022\tKatlanabilir \u00c7al\u0131\u015fma Masas\u0131\n\u2022\tLaptop Sehpas\u0131\n\u2022\tKatlanabilir Laptop Sehpas\u0131\n\u2022\tServis Arabas\u0131\n\u2022\tTezgah \u00dcst\u00fc Baharatl\u0131k\n\u2022\tKitapl\u0131k\n\u2022\tMutfak Masas\u0131\n\u2022\tAyakkab\u0131l\u0131k\n\u2022\tK\u00f6\u015fe Raf\n\u2022\tYan Sehpa\n\u2022\tZigon Sehpa\n<\/p>\r\n\t        <\/div>\r\n\t        \t\r\n\t    <\/div>\r\n\t    \t\t<\/div>\n\t\t\t\t<\/div>\n\t\t\t\t<div class=\"elementor-element elementor-element-47bab21 elementor-widget elementor-widget-iiconbox\" data-id=\"47bab21\" data-element_type=\"widget\" data-widget_type=\"iiconbox.default\">\n\t\t\t\t<div class=\"elementor-widget-container\">\n\t\t\t\t\t<div class=\"icon-box s1\">\r\n\t\t\t<div class=\"bg-s3\"><\/div>\r\n\t\t\t<div class=\"bg-before\"><\/div>\r\n\t\t\t<div class=\"bg-after\"><\/div>\r\n\t\t\t<div class=\"icon-main\">\r\n\t\t        \t\t        \t<i aria-hidden=\"true\" class=\"fas fa-layer-group\"><\/i>\t\t        \t\t\t    \r\n\t\t\t    \t\t        \t        <\/div>\r\n\t        <div class=\"content-box\">\r\n\t            <h5 class=\"box-title\">Pelet<\/h5>\r\n\t            <p>\u2022\tYakacak i\u00e7in Pelet\n\u2022\t\u00c7iftlik i\u00e7in yatakl\u0131k Pelet<\/p>\r\n\t        <\/div>\r\n\t        \t\r\n\t    <\/div>\r\n\t    \t\t<\/div>\n\t\t\t\t<\/div>\n\t\t\t\t<div class=\"elementor-element elementor-element-f02d707 elementor-widget elementor-widget-iiconbox\" data-id=\"f02d707\" data-element_type=\"widget\" data-widget_type=\"iiconbox.default\">\n\t\t\t\t<div class=\"elementor-widget-container\">\n\t\t\t\t\t<div class=\"icon-box s1\">\r\n\t\t\t<div class=\"bg-s3\"><\/div>\r\n\t\t\t<div class=\"bg-before\"><\/div>\r\n\t\t\t<div class=\"bg-after\"><\/div>\r\n\t\t\t<div class=\"icon-main\">\r\n\t\t        \t\t        \t<i aria-hidden=\"true\" class=\"fas fa-layer-group\"><\/i>\t\t        \t\t\t    \r\n\t\t\t    \t\t        \t        <\/div>\r\n\t        <div class=\"content-box\">\r\n\t            <h5 class=\"box-title\">Aluminyum Aksesuarlar<\/h5>\r\n\t            <p>\u2022\tKap\u0131 Kollar\u0131\n\u2022\tPencere Kollar\u0131\n\u2022\tMente\u015feler\n\u2022\tS\u00fcrg\u00fcler\n\u2022\tS\u00fcrme Kollar\u0131\n\u2022\tKilit Kar\u015f\u0131l\u0131klar\u0131\n\u2022\tVasistas Aksesuarlar\u0131\n\u2022\tRulmanlar<\/p>\r\n\t        <\/div>\r\n\t        \t\r\n\t    <\/div>\r\n\t    \t\t<\/div>\n\t\t\t\t<\/div>\n\t\t\t\t\t<\/div>\n\t\t<\/div>\n\t\t\t\t\t\t\t<\/div>\n\t\t<\/section>\n\t\t\t\t\t<\/div>\n\t\t<\/div>\n\t\t\t\t\t\t\t<\/div>\n\t\t<\/section>\n\t\t\t\t\t\t\t<\/div>\n\t\t","protected":false},"excerpt":{"rendered":"<p>Hakk\u0131m\u0131zda TRADEPORT DI\u015e T\u0130CARET Tradeport D\u0131\u015f Ticaret Dan\u0131\u015fmanl\u0131k Ltd. \u015eti, her t\u00fcrl\u00fc sekt\u00f6r i\u00e7in y\u00fcksek kaliteli \u00fcr\u00fcnlerin tedarik\u00e7isi ve toptanc\u0131s\u0131d\u0131r. \u00dcr\u00fcn\u00fcn\u00fcz\u00fc analiz ediyor ve size en uygun \u00fcreticiyi buluyoruz. Hakk\u0131m\u0131zda Genel Ticaret Ticari \u0130htiya\u00e7lar\u0131n\u0131z \u0130\u00e7in \u00c7\u00f6z\u00fcm Sunuyoruz. \u00dcr\u00fcn Gruplar\u0131 Tradeport D\u0131\u015f Ticaret Dan\u0131\u015fmanl\u0131k Ltd. \u015eti, her t\u00fcrl\u00fc sekt\u00f6r i\u00e7in y\u00fcksek kaliteli \u00fcr\u00fcnlerin tedarik\u00e7isi ve toptanc\u0131s\u0131d\u0131r. [&hellip;]<\/p>\n","protected":false},"author":1,"featured_media":0,"parent":0,"menu_order":0,"comment_status":"closed","ping_status":"closed","template":"","meta":[],"_links":{"self":[{"href":"https:\/\/tradeport.com.tr\/index.php?rest_route=\/wp\/v2\/pages\/5044"}],"collection":[{"href":"https:\/\/tradeport.com.tr\/index.php?rest_route=\/wp\/v2\/pages"}],"about":[{"href":"https:\/\/tradeport.com.tr\/index.php?rest_route=\/wp\/v2\/types\/page"}],"author":[{"embeddable":true,"href":"https:\/\/tradeport.com.tr\/index.php?rest_route=\/wp\/v2\/users\/1"}],"replies":[{"embeddable":true,"href":"https:\/\/tradeport.com.tr\/index.php?rest_route=%2Fwp%2Fv2%2Fcomments&post=5044"}],"version-history":[{"count":16,"href":"https:\/\/tradeport.com.tr\/index.php?rest_route=\/wp\/v2\/pages\/5044\/revisions"}],"predecessor-version":[{"id":5223,"href":"https:\/\/tradeport.com.tr\/index.php?rest_route=\/wp\/v2\/pages\/5044\/revisions\/5223"}],"wp:attachment":[{"href":"https:\/\/tradeport.com.tr\/index.php?rest_route=%2Fwp%2Fv2%2Fmedia&parent=5044"}],"curies":[{"name":"wp","href":"https:\/\/api.w.org\/{rel}","templated":true}]}}