{"id":5042,"date":"2019-11-07T03:23:04","date_gmt":"2019-11-07T03:23:04","guid":{"rendered":"http:\/\/wpdemo.archiwp.com\/onum\/?page_id=753"},"modified":"2025-02-05T11:35:05","modified_gmt":"2025-02-05T11:35:05","slug":"hakkimizda","status":"publish","type":"page","link":"https:\/\/tradeport.com.tr\/?page_id=5042","title":{"rendered":"Hakk\u0131m\u0131zda"},"content":{"rendered":"\t\t<div data-elementor-type=\"wp-page\" data-elementor-id=\"5042\" class=\"elementor elementor-5042\">\n\t\t\t\t\t\t\t\t\t<section class=\"elementor-section elementor-top-section elementor-element elementor-element-588df14 elementor-section-content-middle elementor-section-boxed elementor-section-height-default elementor-section-height-default\" data-id=\"588df14\" data-element_type=\"section\">\n\t\t\t\t\t\t<div class=\"elementor-container elementor-column-gap-extended\">\n\t\t\t\t\t<div class=\"elementor-column elementor-col-50 elementor-top-column elementor-element elementor-element-de195c6 ot-flex-column-vertical\" data-id=\"de195c6\" data-element_type=\"column\">\n\t\t\t<div class=\"elementor-widget-wrap elementor-element-populated\">\n\t\t\t\t\t\t\t\t<div class=\"elementor-element elementor-element-7e57f00 elementor-widget elementor-widget-image\" data-id=\"7e57f00\" data-element_type=\"widget\" data-widget_type=\"image.default\">\n\t\t\t\t<div class=\"elementor-widget-container\">\n\t\t\t<style>\/*! elementor - v3.11.5 - 14-03-2023 *\/\n.elementor-widget-image{text-align:center}.elementor-widget-image a{display:inline-block}.elementor-widget-image a img[src$=\".svg\"]{width:48px}.elementor-widget-image img{vertical-align:middle;display:inline-block}<\/style>\t\t\t\t\t\t\t\t\t\t\t\t<img decoding=\"async\" width=\"707\" height=\"624\" src=\"https:\/\/tradeport.com.tr\/wp-content\/uploads\/2023\/03\/image7-Go.png\" class=\"attachment-full size-full wp-image-4873\" alt=\"\" loading=\"lazy\" srcset=\"https:\/\/tradeport.com.tr\/wp-content\/uploads\/2023\/03\/image7-Go.png 707w, https:\/\/tradeport.com.tr\/wp-content\/uploads\/2023\/03\/image7-Go-300x265.png 300w\" sizes=\"(max-width: 707px) 100vw, 707px\" \/>\t\t\t\t\t\t\t\t\t\t\t\t\t\t\t<\/div>\n\t\t\t\t<\/div>\n\t\t\t\t\t<\/div>\n\t\t<\/div>\n\t\t\t\t<div class=\"elementor-column elementor-col-50 elementor-top-column elementor-element elementor-element-233b0d2 ot-flex-column-vertical\" data-id=\"233b0d2\" data-element_type=\"column\">\n\t\t\t<div class=\"elementor-widget-wrap elementor-element-populated\">\n\t\t\t\t\t\t\t\t<div class=\"elementor-element elementor-element-fe5bc85 elementor-widget elementor-widget-iheading\" data-id=\"fe5bc85\" data-element_type=\"widget\" data-widget_type=\"iheading.default\">\n\t\t\t\t<div class=\"elementor-widget-container\">\n\t\t\t\t\t<div class=\"ot-heading left-align\">\r\n\t\t\t\r\n\t\t\t\t\r\n\r\n\t        \t            <h6 class=\"sub-heading\"><span>Hakk\u0131m\u0131zda<\/span><\/h6>\r\n\t         \r\n\r\n\t        \t        \t<h4 class=\"main-heading\">Tradeport D\u0131\u015f Ticaret Dan\u0131\u015fmanl\u0131k Ltd. \u015eti, her t\u00fcrl\u00fc sekt\u00f6r i\u00e7in y\u00fcksek kaliteli \u00fcr\u00fcnlerin tedarik\u00e7isi ve toptanc\u0131s\u0131d\u0131r. \u00dcr\u00fcn\u00fcn\u00fcz\u00fc analiz ediyor ve size en uygun \u00fcreticiyi buluyoruz.<\/h4>\r\n\t        \t    <\/div>\r\n\t    \t\t<\/div>\n\t\t\t\t<\/div>\n\t\t\t\t<div class=\"elementor-element elementor-element-e6e8b3f elementor-widget elementor-widget-text-editor\" data-id=\"e6e8b3f\" data-element_type=\"widget\" data-widget_type=\"text-editor.default\">\n\t\t\t\t<div class=\"elementor-widget-container\">\n\t\t\t<style>\/*! elementor - v3.11.5 - 14-03-2023 *\/\n.elementor-widget-text-editor.elementor-drop-cap-view-stacked .elementor-drop-cap{background-color:#818a91;color:#fff}.elementor-widget-text-editor.elementor-drop-cap-view-framed .elementor-drop-cap{color:#818a91;border:3px solid;background-color:transparent}.elementor-widget-text-editor:not(.elementor-drop-cap-view-default) .elementor-drop-cap{margin-top:8px}.elementor-widget-text-editor:not(.elementor-drop-cap-view-default) .elementor-drop-cap-letter{width:1em;height:1em}.elementor-widget-text-editor .elementor-drop-cap{float:left;text-align:center;line-height:1;font-size:50px}.elementor-widget-text-editor .elementor-drop-cap-letter{display:inline-block}<\/style>\t\t\t\t<p>Tradeport D\u0131\u015f Ticaret Dan\u0131\u015fmanl\u0131k Ltd. \u015eti. m\u00fc\u015fteri memnuniyetini en \u00fcst d\u00fczeyde tutmak ve i\u015f performans\u0131n\u0131n s\u00fcrekli geli\u015fimini desteklemek i\u00e7in kaliteli malzeme tedarik eden bir \u015firkettir.<\/p><p>Kendi alanlar\u0131nda \u00f6nc\u00fc olan \u00fcretici firmalar ile \u00e7al\u0131\u015f\u0131yoruz. D\u0131\u015f ticarette 14 y\u0131ll\u0131k tecr\u00fcbemizin bir sonucu olarak \u00fcretici firmalar ile iyi ili\u015fkiler geli\u015ftirdik.<\/p><p>Sekt\u00f6r ne olursa olsun, geni\u015f ve yetenekli ekibimiz sayesinde partnerlerimiz i\u00e7in en uygun \u00fcr\u00fcn\u00fc buluyoruz.<\/p><p>Bug\u00fcn itibariyle 36 \u00fclkeye ihracat yapt\u0131k ve 21 farkl\u0131 \u00fclkede m\u00fc\u015fterilerimizi ziyaret ettik, toplant\u0131lar yapt\u0131k ve bir\u00e7ok uluslararas\u0131 fuara kat\u0131ld\u0131k.<\/p>\t\t\t\t\t\t<\/div>\n\t\t\t\t<\/div>\n\t\t\t\t\t<\/div>\n\t\t<\/div>\n\t\t\t\t\t\t\t<\/div>\n\t\t<\/section>\n\t\t\t\t<section class=\"elementor-section elementor-top-section elementor-element elementor-element-38f5ca4 elementor-section-boxed elementor-section-height-default elementor-section-height-default\" data-id=\"38f5ca4\" data-element_type=\"section\">\n\t\t\t\t\t\t<div class=\"elementor-container elementor-column-gap-default\">\n\t\t\t\t\t<div class=\"elementor-column elementor-col-100 elementor-top-column elementor-element elementor-element-e67804c ot-flex-column-vertical\" data-id=\"e67804c\" data-element_type=\"column\">\n\t\t\t<div class=\"elementor-widget-wrap elementor-element-populated\">\n\t\t\t\t\t\t\t\t<div class=\"elementor-element elementor-element-a55ae40 elementor-widget elementor-widget-iheading\" data-id=\"a55ae40\" data-element_type=\"widget\" data-widget_type=\"iheading.default\">\n\t\t\t\t<div class=\"elementor-widget-container\">\n\t\t\t\t\t<div class=\"ot-heading left-align\">\r\n\t\t\t\r\n\t\t\t\t\r\n\r\n\t         \r\n\r\n\t        \t        \t<h4 class=\"main-heading\">\u00dcr\u00fcn Gruplar\u0131<\/h4>\r\n\t        \t    <\/div>\r\n\t    \t\t<\/div>\n\t\t\t\t<\/div>\n\t\t\t\t\t<\/div>\n\t\t<\/div>\n\t\t\t\t\t\t\t<\/div>\n\t\t<\/section>\n\t\t\t\t<section class=\"elementor-section elementor-top-section elementor-element elementor-element-6fb3013 elementor-section-boxed elementor-section-height-default elementor-section-height-default\" data-id=\"6fb3013\" data-element_type=\"section\" data-settings=\"{&quot;background_background&quot;:&quot;classic&quot;}\">\n\t\t\t\t\t\t<div class=\"elementor-container elementor-column-gap-default\">\n\t\t\t\t\t<div class=\"elementor-column elementor-col-50 elementor-top-column elementor-element elementor-element-1b83cdb ot-flex-column-vertical\" data-id=\"1b83cdb\" data-element_type=\"column\">\n\t\t\t<div class=\"elementor-widget-wrap elementor-element-populated\">\n\t\t\t\t\t\t\t\t<div class=\"elementor-element elementor-element-b5bbfde elementor-widget elementor-widget-iaccordions\" data-id=\"b5bbfde\" data-element_type=\"widget\" data-widget_type=\"iaccordions.default\">\n\t\t\t\t<div class=\"elementor-widget-container\">\n\t\t\t\r\n\t\t<div class=\"ot-accordions\">\r\n\t\t\t\t\t\t<div class=\"acc-item\">\r\n\t\t\t\t<span class=\"acc-toggle\">Ambalaj <i class=\"down flaticon-arrow-pointing-to-down\"><\/i><i class=\"up flaticon-arrow-pointing-to-up\"><\/i><\/span>\r\n\t\t\t\t<div class=\"acc-content\">\r\n\t\t\t\t\t<ul><li>\u00c7ember<\/li><li>Toka<\/li><li>Ekipman<\/li><li>K\u00f6\u015fe Koruyucu<\/li><li>Stre\u00e7<\/li><li>Bant<\/li><\/ul>\t\t\t\t<\/div>\r\n\t\t\t<\/div>\r\n\t\t\t\t\t\t<div class=\"acc-item\">\r\n\t\t\t\t<span class=\"acc-toggle\">Mobilya <i class=\"down flaticon-arrow-pointing-to-down\"><\/i><i class=\"up flaticon-arrow-pointing-to-up\"><\/i><\/span>\r\n\t\t\t\t<div class=\"acc-content\">\r\n\t\t\t\t\t<ul><li>\u00c7al\u0131\u015fma Masas\u0131<\/li><li>Katlanabilir \u00c7al\u0131\u015fma Masas\u0131<\/li><li>Laptop Sehpas\u0131<\/li><li>Katlanabilir Laptop Sehpas\u0131<\/li><li>Servis Arabas\u0131<\/li><li>Tezgah \u00dcst\u00fc Baharatl\u0131k<\/li><li>Kitapl\u0131k<\/li><li>Mutfak Masas\u0131<\/li><li>Ayakkab\u0131l\u0131k<\/li><li>K\u00f6\u015fe Raf<\/li><li>Yan Sehpa<\/li><li>Zigon Sehpa<\/li><\/ul>\t\t\t\t<\/div>\r\n\t\t\t<\/div>\r\n\t\t\t\t\t\t<div class=\"acc-item\">\r\n\t\t\t\t<span class=\"acc-toggle\">Non-Woven Al\u0131\u015fveri\u015f \u00c7antas\u0131 <i class=\"down flaticon-arrow-pointing-to-down\"><\/i><i class=\"up flaticon-arrow-pointing-to-up\"><\/i><\/span>\r\n\t\t\t\t<div class=\"acc-content\">\r\n\t\t\t\t\t<ul><li>Non-Woven Bez \u00c7anta<\/li><li>Non-Woven Laminasyonlu \u00c7anta<\/li><li>Non-woven Atlet \u00c7anta<\/li><li>Non-woven Elden Ge\u00e7me \u00c7anta<\/li><\/ul>\t\t\t\t<\/div>\r\n\t\t\t<\/div>\r\n\t\t\t\t\t\t<div class=\"acc-item\">\r\n\t\t\t\t<span class=\"acc-toggle\">Pelet <i class=\"down flaticon-arrow-pointing-to-down\"><\/i><i class=\"up flaticon-arrow-pointing-to-up\"><\/i><\/span>\r\n\t\t\t\t<div class=\"acc-content\">\r\n\t\t\t\t\t<ul>\n \t<li>Yakacak i\u00e7in Pelet<\/li>\n \t<li>\u00c7iftlik i\u00e7in yatakl\u0131k Pelet<\/li>\n<\/ul>\t\t\t\t<\/div>\r\n\t\t\t<\/div>\r\n\t\t\t\t\t\t<div class=\"acc-item\">\r\n\t\t\t\t<span class=\"acc-toggle\">Do\u011fal Damla Sak\u0131z\u0131 ve \u00dcr\u00fcnleri <i class=\"down flaticon-arrow-pointing-to-down\"><\/i><i class=\"up flaticon-arrow-pointing-to-up\"><\/i><\/span>\r\n\t\t\t\t<div class=\"acc-content\">\r\n\t\t\t\t\t<div class=\"elementor-element elementor-element-6a2bf7c elementor-widget elementor-widget-heading\" data-id=\"6a2bf7c\" data-element_type=\"widget\" data-widget_type=\"heading.default\">\n<div class=\"elementor-widget-container\">\n<ul>\n \t<li ><span style=\"font-size: 16px;\">Do\u011fal Damla Sak\u0131zlar\u0131<\/span><\/li>\n \t<li>Do\u011fal Damla Sak\u0131zl\u0131 Lokumlar<\/li>\n \t<li>Mastiha Damla Sak\u0131zl\u0131 Macun<\/li>\n \t<li>Mastiha Cikletler<\/li>\n \t<li>Kahveler<\/li>\n \t<li>\u00c7ikolatalar<\/li>\n<\/ul>\n<\/div>\n<\/div>\n<div class=\"elementor-element elementor-element-4bb8e32 elementor-widget elementor-widget-text-editor\" data-id=\"4bb8e32\" data-element_type=\"widget\" data-widget_type=\"text-editor.default\">\n<div class=\"elementor-widget-container\"><\/div>\n<\/div>\t\t\t\t<\/div>\r\n\t\t\t<\/div>\r\n\t\t\t\t\t\t<div class=\"acc-item\">\r\n\t\t\t\t<span class=\"acc-toggle\">Aluminyum Aksesuarlar <i class=\"down flaticon-arrow-pointing-to-down\"><\/i><i class=\"up flaticon-arrow-pointing-to-up\"><\/i><\/span>\r\n\t\t\t\t<div class=\"acc-content\">\r\n\t\t\t\t\t<div class=\"elementor-element elementor-element-6a2bf7c elementor-widget elementor-widget-heading\" data-id=\"6a2bf7c\" data-element_type=\"widget\" data-widget_type=\"heading.default\">\n<div class=\"elementor-widget-container\">\n<ul>\n \t<li><span style=\"font-size: 16px;\">Kap\u0131 Kollar\u0131<\/span><\/li>\n \t<li>Pencere Kollar\u0131<\/li>\n \t<li>Mente\u015feler<\/li>\n \t<li>S\u00fcrg\u00fcler<\/li>\n \t<li>S\u00fcrme Kollar\u0131<\/li>\n \t<li>Kilit Kar\u015f\u0131l\u0131klar\u0131<\/li>\n \t<li>Vasistas Aksesuarlar\u0131<\/li>\n \t<li>Rulmanlar<\/li>\n<\/ul>\n<\/div>\n<\/div>\n<div class=\"elementor-element elementor-element-4bb8e32 elementor-widget elementor-widget-text-editor\" data-id=\"4bb8e32\" data-element_type=\"widget\" data-widget_type=\"text-editor.default\">\n<div class=\"elementor-widget-container\"><\/div>\n<\/div>\t\t\t\t<\/div>\r\n\t\t\t<\/div>\r\n\t\t\t\t    <\/div>\r\n\r\n\t    \t\t<\/div>\n\t\t\t\t<\/div>\n\t\t\t\t\t<\/div>\n\t\t<\/div>\n\t\t\t\t<div class=\"elementor-column elementor-col-50 elementor-top-column elementor-element elementor-element-73eef60 ot-flex-column-vertical\" data-id=\"73eef60\" data-element_type=\"column\">\n\t\t\t<div class=\"elementor-widget-wrap elementor-element-populated\">\n\t\t\t\t\t\t\t\t<section class=\"elementor-section elementor-inner-section elementor-element elementor-element-a2cf22f elementor-section-content-bottom elementor-section-boxed elementor-section-height-default elementor-section-height-default\" data-id=\"a2cf22f\" data-element_type=\"section\">\n\t\t\t\t\t\t<div class=\"elementor-container elementor-column-gap-extended\">\n\t\t\t\t\t<div class=\"elementor-column elementor-col-100 elementor-inner-column elementor-element elementor-element-9e0d8ce ot-flex-column-vertical\" data-id=\"9e0d8ce\" data-element_type=\"column\">\n\t\t\t<div class=\"elementor-widget-wrap elementor-element-populated\">\n\t\t\t\t\t\t\t\t<div class=\"elementor-element elementor-element-57353ef elementor-widget elementor-widget-image\" data-id=\"57353ef\" data-element_type=\"widget\" data-widget_type=\"image.default\">\n\t\t\t\t<div class=\"elementor-widget-container\">\n\t\t\t\t\t\t\t\t\t\t\t\t\t\t\t<img decoding=\"async\" width=\"804\" height=\"748\" src=\"https:\/\/tradeport.com.tr\/wp-content\/uploads\/2023\/03\/single-team-GO-1.png\" class=\"attachment-full size-full wp-image-4732\" alt=\"\" loading=\"lazy\" srcset=\"https:\/\/tradeport.com.tr\/wp-content\/uploads\/2023\/03\/single-team-GO-1.png 804w, https:\/\/tradeport.com.tr\/wp-content\/uploads\/2023\/03\/single-team-GO-1-300x279.png 300w, https:\/\/tradeport.com.tr\/wp-content\/uploads\/2023\/03\/single-team-GO-1-768x715.png 768w\" sizes=\"(max-width: 804px) 100vw, 804px\" \/>\t\t\t\t\t\t\t\t\t\t\t\t\t\t\t<\/div>\n\t\t\t\t<\/div>\n\t\t\t\t\t<\/div>\n\t\t<\/div>\n\t\t\t\t\t\t\t<\/div>\n\t\t<\/section>\n\t\t\t\t\t<\/div>\n\t\t<\/div>\n\t\t\t\t\t\t\t<\/div>\n\t\t<\/section>\n\t\t\t\t\t\t\t<\/div>\n\t\t","protected":false},"excerpt":{"rendered":"<p>Hakk\u0131m\u0131zda Tradeport D\u0131\u015f Ticaret Dan\u0131\u015fmanl\u0131k Ltd. \u015eti, her t\u00fcrl\u00fc sekt\u00f6r i\u00e7in y\u00fcksek kaliteli \u00fcr\u00fcnlerin tedarik\u00e7isi ve toptanc\u0131s\u0131d\u0131r. \u00dcr\u00fcn\u00fcn\u00fcz\u00fc analiz ediyor ve size en uygun \u00fcreticiyi buluyoruz. Tradeport D\u0131\u015f Ticaret Dan\u0131\u015fmanl\u0131k Ltd. \u015eti. m\u00fc\u015fteri memnuniyetini en \u00fcst d\u00fczeyde tutmak ve i\u015f performans\u0131n\u0131n s\u00fcrekli geli\u015fimini desteklemek i\u00e7in kaliteli malzeme tedarik eden bir \u015firkettir. Kendi alanlar\u0131nda \u00f6nc\u00fc olan [&hellip;]<\/p>\n","protected":false},"author":1,"featured_media":0,"parent":0,"menu_order":0,"comment_status":"closed","ping_status":"closed","template":"","meta":[],"_links":{"self":[{"href":"https:\/\/tradeport.com.tr\/index.php?rest_route=\/wp\/v2\/pages\/5042"}],"collection":[{"href":"https:\/\/tradeport.com.tr\/index.php?rest_route=\/wp\/v2\/pages"}],"about":[{"href":"https:\/\/tradeport.com.tr\/index.php?rest_route=\/wp\/v2\/types\/page"}],"author":[{"embeddable":true,"href":"https:\/\/tradeport.com.tr\/index.php?rest_route=\/wp\/v2\/users\/1"}],"replies":[{"embeddable":true,"href":"https:\/\/tradeport.com.tr\/index.php?rest_route=%2Fwp%2Fv2%2Fcomments&post=5042"}],"version-history":[{"count":7,"href":"https:\/\/tradeport.com.tr\/index.php?rest_route=\/wp\/v2\/pages\/5042\/revisions"}],"predecessor-version":[{"id":5208,"href":"https:\/\/tradeport.com.tr\/index.php?rest_route=\/wp\/v2\/pages\/5042\/revisions\/5208"}],"wp:attachment":[{"href":"https:\/\/tradeport.com.tr\/index.php?rest_route=%2Fwp%2Fv2%2Fmedia&parent=5042"}],"curies":[{"name":"wp","href":"https:\/\/api.w.org\/{rel}","templated":true}]}}